{"id":9364,"date":"2023-12-09T20:41:46","date_gmt":"2023-12-09T13:41:46","guid":{"rendered":"https:\/\/haihofashion.vn\/?post_type=product&#038;p=9364"},"modified":"2023-12-19T12:39:47","modified_gmt":"2023-12-19T05:39:47","slug":"ao-dai-nhung-the-theu-tay-harifa","status":"publish","type":"product","link":"https:\/\/haihofashion.vn\/en\/product\/ao-dai-nhung-the-theu-tay-harifa\/","title":{"rendered":"Harifa hand-embroidered velvet ao dai"},"content":{"rendered":"<p>High-quality velvet fabric for women and mothers on special occasions brings elegance and luxury.<\/p>","protected":false},"excerpt":{"rendered":"<p>\u00c1o d\u00e0i nhung the th\u00eau tay Harifa.<\/p>","protected":false},"featured_media":9365,"comment_status":"open","ping_status":"closed","template":"","meta":[],"product_cat":[61],"product_tag":[],"yoast_head":"<!-- This site is optimized with the Yoast SEO plugin v21.5 - https:\/\/yoast.com\/wordpress\/plugins\/seo\/ -->\n<title>\u00c1o d\u00e0i nhung the th\u00eau tay Harifa - C\u00d4NG TYTNHH MTV H\u1ea2I H\u1ed2<\/title>\n<meta name=\"robots\" content=\"index, follow, max-snippet:-1, max-image-preview:large, max-video-preview:-1\" \/>\n<link rel=\"canonical\" href=\"https:\/\/haihofashion.vn\/en\/product\/ao-dai-nhung-the-theu-tay-harifa\/\" \/>\n<meta property=\"og:locale\" content=\"en_US\" \/>\n<meta property=\"og:type\" content=\"article\" \/>\n<meta property=\"og:title\" content=\"\u00c1o d\u00e0i nhung the th\u00eau tay Harifa - C\u00d4NG TYTNHH MTV H\u1ea2I H\u1ed2\" \/>\n<meta property=\"og:description\" content=\"\u00c1o d\u00e0i nhung the th\u00eau tay Harifa.\" \/>\n<meta property=\"og:url\" content=\"https:\/\/haihofashion.vn\/en\/product\/ao-dai-nhung-the-theu-tay-harifa\/\" \/>\n<meta property=\"og:site_name\" content=\"C\u00d4NG TYTNHH MTV H\u1ea2I H\u1ed2\" \/>\n<meta property=\"article:modified_time\" content=\"2023-12-19T05:39:47+00:00\" \/>\n<meta property=\"og:image\" content=\"https:\/\/haihofashion.vn\/wp-content\/uploads\/2023\/12\/4-2.jpg\" \/>\n\t<meta property=\"og:image:width\" content=\"800\" \/>\n\t<meta property=\"og:image:height\" content=\"800\" \/>\n\t<meta property=\"og:image:type\" content=\"image\/jpeg\" \/>\n<meta name=\"twitter:card\" content=\"summary_large_image\" \/>\n<meta name=\"twitter:label1\" content=\"Est. reading time\" \/>\n\t<meta name=\"twitter:data1\" content=\"1 minute\" \/>\n<script type=\"application\/ld+json\" class=\"yoast-schema-graph\">{\"@context\":\"https:\/\/schema.org\",\"@graph\":[{\"@type\":\"WebPage\",\"@id\":\"https:\/\/haihofashion.vn\/product\/ao-dai-nhung-the-theu-tay-harifa\/\",\"url\":\"https:\/\/haihofashion.vn\/product\/ao-dai-nhung-the-theu-tay-harifa\/\",\"name\":\"\u00c1o d\u00e0i nhung the th\u00eau tay Harifa - C\u00d4NG TYTNHH MTV H\u1ea2I H\u1ed2\",\"isPartOf\":{\"@id\":\"https:\/\/haihofashion.vn\/#website\"},\"datePublished\":\"2023-12-09T13:41:46+00:00\",\"dateModified\":\"2023-12-19T05:39:47+00:00\",\"breadcrumb\":{\"@id\":\"https:\/\/haihofashion.vn\/product\/ao-dai-nhung-the-theu-tay-harifa\/#breadcrumb\"},\"inLanguage\":\"en-US\",\"potentialAction\":[{\"@type\":\"ReadAction\",\"target\":[\"https:\/\/haihofashion.vn\/product\/ao-dai-nhung-the-theu-tay-harifa\/\"]}]},{\"@type\":\"BreadcrumbList\",\"@id\":\"https:\/\/haihofashion.vn\/product\/ao-dai-nhung-the-theu-tay-harifa\/#breadcrumb\",\"itemListElement\":[{\"@type\":\"ListItem\",\"position\":1,\"name\":\"Shop\",\"item\":\"https:\/\/haihofashion.vn\/shop\/\"},{\"@type\":\"ListItem\",\"position\":2,\"name\":\"\u00c1o d\u00e0i nhung the th\u00eau tay Harifa\"}]},{\"@type\":\"WebSite\",\"@id\":\"https:\/\/haihofashion.vn\/#website\",\"url\":\"https:\/\/haihofashion.vn\/\",\"name\":\"C\u00d4NG TYTNHH MTV H\u1ea2I H\u1ed2\",\"description\":\"\",\"potentialAction\":[{\"@type\":\"SearchAction\",\"target\":{\"@type\":\"EntryPoint\",\"urlTemplate\":\"https:\/\/haihofashion.vn\/?s={search_term_string}\"},\"query-input\":\"required name=search_term_string\"}],\"inLanguage\":\"en-US\"}]}<\/script>\n<!-- \/ Yoast SEO plugin. -->","yoast_head_json":{"title":"\u00c1o d\u00e0i nhung the th\u00eau tay Harifa - C\u00d4NG TYTNHH MTV H\u1ea2I H\u1ed2","robots":{"index":"index","follow":"follow","max-snippet":"max-snippet:-1","max-image-preview":"max-image-preview:large","max-video-preview":"max-video-preview:-1"},"canonical":"https:\/\/haihofashion.vn\/en\/product\/ao-dai-nhung-the-theu-tay-harifa\/","og_locale":"en_US","og_type":"article","og_title":"\u00c1o d\u00e0i nhung the th\u00eau tay Harifa - C\u00d4NG TYTNHH MTV H\u1ea2I H\u1ed2","og_description":"\u00c1o d\u00e0i nhung the th\u00eau tay Harifa.","og_url":"https:\/\/haihofashion.vn\/en\/product\/ao-dai-nhung-the-theu-tay-harifa\/","og_site_name":"C\u00d4NG TYTNHH MTV H\u1ea2I H\u1ed2","article_modified_time":"2023-12-19T05:39:47+00:00","og_image":[{"width":800,"height":800,"url":"https:\/\/haihofashion.vn\/wp-content\/uploads\/2023\/12\/4-2.jpg","type":"image\/jpeg"}],"twitter_card":"summary_large_image","twitter_misc":{"Est. reading time":"1 minute"},"schema":{"@context":"https:\/\/schema.org","@graph":[{"@type":"WebPage","@id":"https:\/\/haihofashion.vn\/product\/ao-dai-nhung-the-theu-tay-harifa\/","url":"https:\/\/haihofashion.vn\/product\/ao-dai-nhung-the-theu-tay-harifa\/","name":"\u00c1o d\u00e0i nhung the th\u00eau tay Harifa - C\u00d4NG TYTNHH MTV H\u1ea2I H\u1ed2","isPartOf":{"@id":"https:\/\/haihofashion.vn\/#website"},"datePublished":"2023-12-09T13:41:46+00:00","dateModified":"2023-12-19T05:39:47+00:00","breadcrumb":{"@id":"https:\/\/haihofashion.vn\/product\/ao-dai-nhung-the-theu-tay-harifa\/#breadcrumb"},"inLanguage":"en-US","potentialAction":[{"@type":"ReadAction","target":["https:\/\/haihofashion.vn\/product\/ao-dai-nhung-the-theu-tay-harifa\/"]}]},{"@type":"BreadcrumbList","@id":"https:\/\/haihofashion.vn\/product\/ao-dai-nhung-the-theu-tay-harifa\/#breadcrumb","itemListElement":[{"@type":"ListItem","position":1,"name":"Shop","item":"https:\/\/haihofashion.vn\/shop\/"},{"@type":"ListItem","position":2,"name":"\u00c1o d\u00e0i nhung the th\u00eau tay Harifa"}]},{"@type":"WebSite","@id":"https:\/\/haihofashion.vn\/#website","url":"https:\/\/haihofashion.vn\/","name":"C\u00d4NG TYTNHH MTV H\u1ea2I H\u1ed2","description":"","potentialAction":[{"@type":"SearchAction","target":{"@type":"EntryPoint","urlTemplate":"https:\/\/haihofashion.vn\/?s={search_term_string}"},"query-input":"required name=search_term_string"}],"inLanguage":"en-US"}]}},"_links":{"self":[{"href":"https:\/\/haihofashion.vn\/en\/wp-json\/wp\/v2\/product\/9364"}],"collection":[{"href":"https:\/\/haihofashion.vn\/en\/wp-json\/wp\/v2\/product"}],"about":[{"href":"https:\/\/haihofashion.vn\/en\/wp-json\/wp\/v2\/types\/product"}],"replies":[{"embeddable":true,"href":"https:\/\/haihofashion.vn\/en\/wp-json\/wp\/v2\/comments?post=9364"}],"wp:featuredmedia":[{"embeddable":true,"href":"https:\/\/haihofashion.vn\/en\/wp-json\/wp\/v2\/media\/9365"}],"wp:attachment":[{"href":"https:\/\/haihofashion.vn\/en\/wp-json\/wp\/v2\/media?parent=9364"}],"wp:term":[{"taxonomy":"product_cat","embeddable":true,"href":"https:\/\/haihofashion.vn\/en\/wp-json\/wp\/v2\/product_cat?post=9364"},{"taxonomy":"product_tag","embeddable":true,"href":"https:\/\/haihofashion.vn\/en\/wp-json\/wp\/v2\/product_tag?post=9364"}],"curies":[{"name":"wp","href":"https:\/\/api.w.org\/{rel}","templated":true}]}}