{"id":9227,"date":"2023-12-02T15:41:22","date_gmt":"2023-12-02T08:41:22","guid":{"rendered":"https:\/\/haihofashion.vn\/?post_type=product&#038;p=9227"},"modified":"2023-12-02T15:41:22","modified_gmt":"2023-12-02T08:41:22","slug":"ao-len-nam-dai-tay","status":"publish","type":"product","link":"https:\/\/haihofashion.vn\/en\/product\/ao-len-nam-dai-tay\/","title":{"rendered":"\u00c1o len nam d\u00e0i tay"},"content":{"rendered":"<p>\u00c1o len nam d\u00e0i tay t\u1ea1o cho ng\u01b0\u1eddi m\u1eb7c th\u1ea5y tho\u1ea3i m\u00e1i. Th\u00e2n \u00e1o b\u1eb1ng ch\u1ea5t li\u1ec7u len, \u1ea5m \u00e1p\u00a0 nh\u1eb9 nh\u00e0ng, tho\u1ea3i m\u00e1i khi s\u1eed d\u1ee5ng<br \/>\nCh\u1ea5t li\u1ec7u d\u1ea7y d\u1eb7n, m\u1ec1m m\u1ea1i, nh\u1eb9 nh\u01b0ng \u1ea5m t\u1ea1o c\u1ea3m gi\u00e1c tho\u1ea3i m\u00e1i cho ng\u01b0\u1eddi m\u1eb7c trong th\u1eddi ti\u1ebft thu \u0111\u00f4ng. M\u00e0u s\u1eafc tr\u1ebb trung, r\u1ea5t \u0111a d\u1ea1ng.<\/p>","protected":false},"excerpt":{"rendered":"<p>\u00c1o len nam d\u00e0i tay t\u1ea1o cho ng\u01b0\u1eddi m\u1eb7c th\u1ea5y tho\u1ea3i m\u00e1i. Th\u00e2n \u00e1o b\u1eb1ng ch\u1ea5t li\u1ec7u len, \u1ea5m \u00e1p\u00a0 nh\u1eb9 nh\u00e0ng, tho\u1ea3i m\u00e1i khi s\u1eed d\u1ee5ng Ch\u1ea5t li\u1ec7u d\u1ea7y d\u1eb7n, m\u1ec1m m\u1ea1i, nh\u1eb9 nh\u01b0ng \u1ea5m t\u1ea1o c\u1ea3m gi\u00e1c tho\u1ea3i m\u00e1i cho ng\u01b0\u1eddi m\u1eb7c trong th\u1eddi ti\u1ebft thu \u0111\u00f4ng. M\u00e0u s\u1eafc tr\u1ebb trung, r\u1ea5t \u0111a&hellip; <a class=\"read-more-link\" href=\"https:\/\/haihofashion.vn\/en\/product\/ao-len-nam-dai-tay\/\">Read More<\/a><\/p>","protected":false},"featured_media":9228,"comment_status":"open","ping_status":"closed","template":"","meta":[],"product_cat":[51],"product_tag":[],"yoast_head":"<!-- This site is optimized with the Yoast SEO plugin v21.5 - https:\/\/yoast.com\/wordpress\/plugins\/seo\/ -->\n<title>\u00c1o len nam d\u00e0i tay - C\u00d4NG TYTNHH MTV H\u1ea2I H\u1ed2<\/title>\n<meta name=\"robots\" content=\"index, follow, max-snippet:-1, max-image-preview:large, max-video-preview:-1\" \/>\n<link rel=\"canonical\" href=\"https:\/\/haihofashion.vn\/en\/product\/ao-len-nam-dai-tay\/\" \/>\n<meta property=\"og:locale\" content=\"en_US\" \/>\n<meta property=\"og:type\" content=\"article\" \/>\n<meta property=\"og:title\" content=\"\u00c1o len nam d\u00e0i tay - C\u00d4NG TYTNHH MTV H\u1ea2I H\u1ed2\" \/>\n<meta property=\"og:description\" content=\"\u00c1o len nam d\u00e0i tay t\u1ea1o cho ng\u01b0\u1eddi m\u1eb7c th\u1ea5y tho\u1ea3i m\u00e1i. Th\u00e2n \u00e1o b\u1eb1ng ch\u1ea5t li\u1ec7u len, \u1ea5m \u00e1p\u00a0 nh\u1eb9 nh\u00e0ng, tho\u1ea3i m\u00e1i khi s\u1eed d\u1ee5ng Ch\u1ea5t li\u1ec7u d\u1ea7y d\u1eb7n, m\u1ec1m m\u1ea1i, nh\u1eb9 nh\u01b0ng \u1ea5m t\u1ea1o c\u1ea3m gi\u00e1c tho\u1ea3i m\u00e1i cho ng\u01b0\u1eddi m\u1eb7c trong th\u1eddi ti\u1ebft thu \u0111\u00f4ng. M\u00e0u s\u1eafc tr\u1ebb trung, r\u1ea5t \u0111a&hellip; Read More\" \/>\n<meta property=\"og:url\" content=\"https:\/\/haihofashion.vn\/en\/product\/ao-len-nam-dai-tay\/\" \/>\n<meta property=\"og:site_name\" content=\"C\u00d4NG TYTNHH MTV H\u1ea2I H\u1ed2\" \/>\n<meta property=\"og:image\" content=\"https:\/\/haihofashion.vn\/wp-content\/uploads\/2023\/12\/O1CN01v4fTzo2EsueeAR3QO_3457988801.jpg\" \/>\n\t<meta property=\"og:image:width\" content=\"1200\" \/>\n\t<meta property=\"og:image:height\" content=\"1600\" \/>\n\t<meta property=\"og:image:type\" content=\"image\/jpeg\" \/>\n<meta name=\"twitter:card\" content=\"summary_large_image\" \/>\n<meta name=\"twitter:label1\" content=\"Est. reading time\" \/>\n\t<meta name=\"twitter:data1\" content=\"1 minute\" \/>\n<script type=\"application\/ld+json\" class=\"yoast-schema-graph\">{\"@context\":\"https:\/\/schema.org\",\"@graph\":[{\"@type\":\"WebPage\",\"@id\":\"https:\/\/haihofashion.vn\/product\/ao-len-nam-dai-tay\/\",\"url\":\"https:\/\/haihofashion.vn\/product\/ao-len-nam-dai-tay\/\",\"name\":\"\u00c1o len nam d\u00e0i tay - C\u00d4NG TYTNHH MTV H\u1ea2I H\u1ed2\",\"isPartOf\":{\"@id\":\"https:\/\/haihofashion.vn\/#website\"},\"datePublished\":\"2023-12-02T08:41:22+00:00\",\"dateModified\":\"2023-12-02T08:41:22+00:00\",\"breadcrumb\":{\"@id\":\"https:\/\/haihofashion.vn\/product\/ao-len-nam-dai-tay\/#breadcrumb\"},\"inLanguage\":\"en-US\",\"potentialAction\":[{\"@type\":\"ReadAction\",\"target\":[\"https:\/\/haihofashion.vn\/product\/ao-len-nam-dai-tay\/\"]}]},{\"@type\":\"BreadcrumbList\",\"@id\":\"https:\/\/haihofashion.vn\/product\/ao-len-nam-dai-tay\/#breadcrumb\",\"itemListElement\":[{\"@type\":\"ListItem\",\"position\":1,\"name\":\"Shop\",\"item\":\"https:\/\/haihofashion.vn\/shop\/\"},{\"@type\":\"ListItem\",\"position\":2,\"name\":\"\u00c1o len nam d\u00e0i tay\"}]},{\"@type\":\"WebSite\",\"@id\":\"https:\/\/haihofashion.vn\/#website\",\"url\":\"https:\/\/haihofashion.vn\/\",\"name\":\"C\u00d4NG TYTNHH MTV H\u1ea2I H\u1ed2\",\"description\":\"\",\"potentialAction\":[{\"@type\":\"SearchAction\",\"target\":{\"@type\":\"EntryPoint\",\"urlTemplate\":\"https:\/\/haihofashion.vn\/?s={search_term_string}\"},\"query-input\":\"required name=search_term_string\"}],\"inLanguage\":\"en-US\"}]}<\/script>\n<!-- \/ Yoast SEO plugin. -->","yoast_head_json":{"title":"\u00c1o len nam d\u00e0i tay - C\u00d4NG TYTNHH MTV H\u1ea2I H\u1ed2","robots":{"index":"index","follow":"follow","max-snippet":"max-snippet:-1","max-image-preview":"max-image-preview:large","max-video-preview":"max-video-preview:-1"},"canonical":"https:\/\/haihofashion.vn\/en\/product\/ao-len-nam-dai-tay\/","og_locale":"en_US","og_type":"article","og_title":"\u00c1o len nam d\u00e0i tay - C\u00d4NG TYTNHH MTV H\u1ea2I H\u1ed2","og_description":"\u00c1o len nam d\u00e0i tay t\u1ea1o cho ng\u01b0\u1eddi m\u1eb7c th\u1ea5y tho\u1ea3i m\u00e1i. Th\u00e2n \u00e1o b\u1eb1ng ch\u1ea5t li\u1ec7u len, \u1ea5m \u00e1p\u00a0 nh\u1eb9 nh\u00e0ng, tho\u1ea3i m\u00e1i khi s\u1eed d\u1ee5ng Ch\u1ea5t li\u1ec7u d\u1ea7y d\u1eb7n, m\u1ec1m m\u1ea1i, nh\u1eb9 nh\u01b0ng \u1ea5m t\u1ea1o c\u1ea3m gi\u00e1c tho\u1ea3i m\u00e1i cho ng\u01b0\u1eddi m\u1eb7c trong th\u1eddi ti\u1ebft thu \u0111\u00f4ng. M\u00e0u s\u1eafc tr\u1ebb trung, r\u1ea5t \u0111a&hellip; Read More","og_url":"https:\/\/haihofashion.vn\/en\/product\/ao-len-nam-dai-tay\/","og_site_name":"C\u00d4NG TYTNHH MTV H\u1ea2I H\u1ed2","og_image":[{"width":1200,"height":1600,"url":"https:\/\/haihofashion.vn\/wp-content\/uploads\/2023\/12\/O1CN01v4fTzo2EsueeAR3QO_3457988801.jpg","type":"image\/jpeg"}],"twitter_card":"summary_large_image","twitter_misc":{"Est. reading time":"1 minute"},"schema":{"@context":"https:\/\/schema.org","@graph":[{"@type":"WebPage","@id":"https:\/\/haihofashion.vn\/product\/ao-len-nam-dai-tay\/","url":"https:\/\/haihofashion.vn\/product\/ao-len-nam-dai-tay\/","name":"\u00c1o len nam d\u00e0i tay - C\u00d4NG TYTNHH MTV H\u1ea2I H\u1ed2","isPartOf":{"@id":"https:\/\/haihofashion.vn\/#website"},"datePublished":"2023-12-02T08:41:22+00:00","dateModified":"2023-12-02T08:41:22+00:00","breadcrumb":{"@id":"https:\/\/haihofashion.vn\/product\/ao-len-nam-dai-tay\/#breadcrumb"},"inLanguage":"en-US","potentialAction":[{"@type":"ReadAction","target":["https:\/\/haihofashion.vn\/product\/ao-len-nam-dai-tay\/"]}]},{"@type":"BreadcrumbList","@id":"https:\/\/haihofashion.vn\/product\/ao-len-nam-dai-tay\/#breadcrumb","itemListElement":[{"@type":"ListItem","position":1,"name":"Shop","item":"https:\/\/haihofashion.vn\/shop\/"},{"@type":"ListItem","position":2,"name":"\u00c1o len nam d\u00e0i tay"}]},{"@type":"WebSite","@id":"https:\/\/haihofashion.vn\/#website","url":"https:\/\/haihofashion.vn\/","name":"C\u00d4NG TYTNHH MTV H\u1ea2I H\u1ed2","description":"","potentialAction":[{"@type":"SearchAction","target":{"@type":"EntryPoint","urlTemplate":"https:\/\/haihofashion.vn\/?s={search_term_string}"},"query-input":"required name=search_term_string"}],"inLanguage":"en-US"}]}},"_links":{"self":[{"href":"https:\/\/haihofashion.vn\/en\/wp-json\/wp\/v2\/product\/9227"}],"collection":[{"href":"https:\/\/haihofashion.vn\/en\/wp-json\/wp\/v2\/product"}],"about":[{"href":"https:\/\/haihofashion.vn\/en\/wp-json\/wp\/v2\/types\/product"}],"replies":[{"embeddable":true,"href":"https:\/\/haihofashion.vn\/en\/wp-json\/wp\/v2\/comments?post=9227"}],"wp:featuredmedia":[{"embeddable":true,"href":"https:\/\/haihofashion.vn\/en\/wp-json\/wp\/v2\/media\/9228"}],"wp:attachment":[{"href":"https:\/\/haihofashion.vn\/en\/wp-json\/wp\/v2\/media?parent=9227"}],"wp:term":[{"taxonomy":"product_cat","embeddable":true,"href":"https:\/\/haihofashion.vn\/en\/wp-json\/wp\/v2\/product_cat?post=9227"},{"taxonomy":"product_tag","embeddable":true,"href":"https:\/\/haihofashion.vn\/en\/wp-json\/wp\/v2\/product_tag?post=9227"}],"curies":[{"name":"wp","href":"https:\/\/api.w.org\/{rel}","templated":true}]}}