{"id":9224,"date":"2023-12-02T10:14:39","date_gmt":"2023-12-02T03:14:39","guid":{"rendered":"https:\/\/haihofashion.vn\/?post_type=product&#038;p=9224"},"modified":"2023-12-02T10:14:39","modified_gmt":"2023-12-02T03:14:39","slug":"ao-len-nam-co-tron-dang-suong-3","status":"publish","type":"product","link":"https:\/\/haihofashion.vn\/en\/product\/ao-len-nam-co-tron-dang-suong-3\/","title":{"rendered":"Men's round neck sweater with loose shape"},"content":{"rendered":"<div class=\"item active\">\n<div class=\"item-content\">\u00c1o len nam d\u00e0i tay, c\u1ed5 tr\u00f2n, d\u00e1ng regular kh\u00f4ng qu\u00e1 \u00f4m c\u0169ng kh\u00f4ng qu\u00e1 r\u1ed9ng t\u1ea1o cho ng\u01b0\u1eddi m\u1eb7c th\u1ea5y tho\u1ea3i m\u00e1i, v\u1eeba v\u1eb7n. Ph\u1ea7n th\u00e2n \u00e1o d\u1ec7t b\u1eb1ng ch\u1ea5t li\u1ec7u len d\u00e0y d\u1eb7n, \u1ea5m \u00e1p nh\u01b0ng v\u1eabn nh\u1eb9 nh\u00e0ng, tho\u1ea3i m\u00e1i khi m\u1eb7c.<br \/>\nCh\u1ea5t li\u1ec7u d\u1ea7y d\u1eb7n, m\u1ec1m m\u1ea1i, nh\u1eb9 nh\u01b0ng \u1ea5m t\u1ea1o c\u1ea3m gi\u00e1c tho\u1ea3i m\u00e1i cho ng\u01b0\u1eddi m\u1eb7c trong th\u1eddi ti\u1ebft thu \u0111\u00f4ng. M\u00e0u s\u1eafc r\u1ea5t \u0111a d\u1ea1ng, b\u1eaft m\u1eaft.<\/div>\n<\/div>\n<div class=\"item\">\n<div class=\"item-title\"><\/div>\n<\/div>","protected":false},"excerpt":{"rendered":"<div class=\"item active\">\n<div class=\"item-content\">Men's sweater with long sleeves, round neck, regular shape, not too tight or too loose, making the wearer feel comfortable and fit.<\/div>\n<\/div>","protected":false},"featured_media":9220,"comment_status":"open","ping_status":"closed","template":"","meta":[],"product_cat":[97,54],"product_tag":[],"yoast_head":"<!-- This site is optimized with the Yoast SEO plugin v21.5 - https:\/\/yoast.com\/wordpress\/plugins\/seo\/ -->\n<title>\u00c1o len nam c\u1ed5 tr\u00f2n d\u00e1ng su\u00f4ng - C\u00d4NG TYTNHH MTV H\u1ea2I H\u1ed2<\/title>\n<meta name=\"robots\" content=\"index, follow, max-snippet:-1, max-image-preview:large, max-video-preview:-1\" \/>\n<link rel=\"canonical\" href=\"https:\/\/haihofashion.vn\/en\/product\/ao-len-nam-co-tron-dang-suong-3\/\" \/>\n<meta property=\"og:locale\" content=\"en_US\" \/>\n<meta property=\"og:type\" content=\"article\" \/>\n<meta property=\"og:title\" content=\"\u00c1o len nam c\u1ed5 tr\u00f2n d\u00e1ng su\u00f4ng - C\u00d4NG TYTNHH MTV H\u1ea2I H\u1ed2\" \/>\n<meta property=\"og:description\" content=\"\u00c1o len nam d\u00e0i tay, c\u1ed5 tr\u00f2n, d\u00e1ng regular kh\u00f4ng qu\u00e1 \u00f4m c\u0169ng kh\u00f4ng qu\u00e1 r\u1ed9ng t\u1ea1o cho ng\u01b0\u1eddi m\u1eb7c th\u1ea5y tho\u1ea3i m\u00e1i, v\u1eeba v\u1eb7n.\" \/>\n<meta property=\"og:url\" content=\"https:\/\/haihofashion.vn\/en\/product\/ao-len-nam-co-tron-dang-suong-3\/\" \/>\n<meta property=\"og:site_name\" content=\"C\u00d4NG TYTNHH MTV H\u1ea2I H\u1ed2\" \/>\n<meta property=\"og:image\" content=\"https:\/\/haihofashion.vn\/wp-content\/uploads\/2023\/12\/3.png\" \/>\n\t<meta property=\"og:image:width\" content=\"498\" \/>\n\t<meta property=\"og:image:height\" content=\"655\" \/>\n\t<meta property=\"og:image:type\" content=\"image\/png\" \/>\n<meta name=\"twitter:card\" content=\"summary_large_image\" \/>\n<meta name=\"twitter:label1\" content=\"Est. reading time\" \/>\n\t<meta name=\"twitter:data1\" content=\"1 minute\" \/>\n<script type=\"application\/ld+json\" class=\"yoast-schema-graph\">{\"@context\":\"https:\/\/schema.org\",\"@graph\":[{\"@type\":\"WebPage\",\"@id\":\"https:\/\/haihofashion.vn\/product\/ao-len-nam-co-tron-dang-suong-3\/\",\"url\":\"https:\/\/haihofashion.vn\/product\/ao-len-nam-co-tron-dang-suong-3\/\",\"name\":\"\u00c1o len nam c\u1ed5 tr\u00f2n d\u00e1ng su\u00f4ng - C\u00d4NG TYTNHH MTV H\u1ea2I H\u1ed2\",\"isPartOf\":{\"@id\":\"https:\/\/haihofashion.vn\/#website\"},\"datePublished\":\"2023-12-02T03:14:39+00:00\",\"dateModified\":\"2023-12-02T03:14:39+00:00\",\"breadcrumb\":{\"@id\":\"https:\/\/haihofashion.vn\/product\/ao-len-nam-co-tron-dang-suong-3\/#breadcrumb\"},\"inLanguage\":\"en-US\",\"potentialAction\":[{\"@type\":\"ReadAction\",\"target\":[\"https:\/\/haihofashion.vn\/product\/ao-len-nam-co-tron-dang-suong-3\/\"]}]},{\"@type\":\"BreadcrumbList\",\"@id\":\"https:\/\/haihofashion.vn\/product\/ao-len-nam-co-tron-dang-suong-3\/#breadcrumb\",\"itemListElement\":[{\"@type\":\"ListItem\",\"position\":1,\"name\":\"Shop\",\"item\":\"https:\/\/haihofashion.vn\/shop\/\"},{\"@type\":\"ListItem\",\"position\":2,\"name\":\"\u00c1o len nam c\u1ed5 tr\u00f2n d\u00e1ng su\u00f4ng\"}]},{\"@type\":\"WebSite\",\"@id\":\"https:\/\/haihofashion.vn\/#website\",\"url\":\"https:\/\/haihofashion.vn\/\",\"name\":\"C\u00d4NG TYTNHH MTV H\u1ea2I H\u1ed2\",\"description\":\"\",\"potentialAction\":[{\"@type\":\"SearchAction\",\"target\":{\"@type\":\"EntryPoint\",\"urlTemplate\":\"https:\/\/haihofashion.vn\/?s={search_term_string}\"},\"query-input\":\"required name=search_term_string\"}],\"inLanguage\":\"en-US\"}]}<\/script>\n<!-- \/ Yoast SEO plugin. -->","yoast_head_json":{"title":"\u00c1o len nam c\u1ed5 tr\u00f2n d\u00e1ng su\u00f4ng - C\u00d4NG TYTNHH MTV H\u1ea2I H\u1ed2","robots":{"index":"index","follow":"follow","max-snippet":"max-snippet:-1","max-image-preview":"max-image-preview:large","max-video-preview":"max-video-preview:-1"},"canonical":"https:\/\/haihofashion.vn\/en\/product\/ao-len-nam-co-tron-dang-suong-3\/","og_locale":"en_US","og_type":"article","og_title":"\u00c1o len nam c\u1ed5 tr\u00f2n d\u00e1ng su\u00f4ng - C\u00d4NG TYTNHH MTV H\u1ea2I H\u1ed2","og_description":"\u00c1o len nam d\u00e0i tay, c\u1ed5 tr\u00f2n, d\u00e1ng regular kh\u00f4ng qu\u00e1 \u00f4m c\u0169ng kh\u00f4ng qu\u00e1 r\u1ed9ng t\u1ea1o cho ng\u01b0\u1eddi m\u1eb7c th\u1ea5y tho\u1ea3i m\u00e1i, v\u1eeba v\u1eb7n.","og_url":"https:\/\/haihofashion.vn\/en\/product\/ao-len-nam-co-tron-dang-suong-3\/","og_site_name":"C\u00d4NG TYTNHH MTV H\u1ea2I H\u1ed2","og_image":[{"width":498,"height":655,"url":"https:\/\/haihofashion.vn\/wp-content\/uploads\/2023\/12\/3.png","type":"image\/png"}],"twitter_card":"summary_large_image","twitter_misc":{"Est. reading time":"1 minute"},"schema":{"@context":"https:\/\/schema.org","@graph":[{"@type":"WebPage","@id":"https:\/\/haihofashion.vn\/product\/ao-len-nam-co-tron-dang-suong-3\/","url":"https:\/\/haihofashion.vn\/product\/ao-len-nam-co-tron-dang-suong-3\/","name":"\u00c1o len nam c\u1ed5 tr\u00f2n d\u00e1ng su\u00f4ng - C\u00d4NG TYTNHH MTV H\u1ea2I H\u1ed2","isPartOf":{"@id":"https:\/\/haihofashion.vn\/#website"},"datePublished":"2023-12-02T03:14:39+00:00","dateModified":"2023-12-02T03:14:39+00:00","breadcrumb":{"@id":"https:\/\/haihofashion.vn\/product\/ao-len-nam-co-tron-dang-suong-3\/#breadcrumb"},"inLanguage":"en-US","potentialAction":[{"@type":"ReadAction","target":["https:\/\/haihofashion.vn\/product\/ao-len-nam-co-tron-dang-suong-3\/"]}]},{"@type":"BreadcrumbList","@id":"https:\/\/haihofashion.vn\/product\/ao-len-nam-co-tron-dang-suong-3\/#breadcrumb","itemListElement":[{"@type":"ListItem","position":1,"name":"Shop","item":"https:\/\/haihofashion.vn\/shop\/"},{"@type":"ListItem","position":2,"name":"\u00c1o len nam c\u1ed5 tr\u00f2n d\u00e1ng su\u00f4ng"}]},{"@type":"WebSite","@id":"https:\/\/haihofashion.vn\/#website","url":"https:\/\/haihofashion.vn\/","name":"C\u00d4NG TYTNHH MTV H\u1ea2I H\u1ed2","description":"","potentialAction":[{"@type":"SearchAction","target":{"@type":"EntryPoint","urlTemplate":"https:\/\/haihofashion.vn\/?s={search_term_string}"},"query-input":"required name=search_term_string"}],"inLanguage":"en-US"}]}},"_links":{"self":[{"href":"https:\/\/haihofashion.vn\/en\/wp-json\/wp\/v2\/product\/9224"}],"collection":[{"href":"https:\/\/haihofashion.vn\/en\/wp-json\/wp\/v2\/product"}],"about":[{"href":"https:\/\/haihofashion.vn\/en\/wp-json\/wp\/v2\/types\/product"}],"replies":[{"embeddable":true,"href":"https:\/\/haihofashion.vn\/en\/wp-json\/wp\/v2\/comments?post=9224"}],"wp:featuredmedia":[{"embeddable":true,"href":"https:\/\/haihofashion.vn\/en\/wp-json\/wp\/v2\/media\/9220"}],"wp:attachment":[{"href":"https:\/\/haihofashion.vn\/en\/wp-json\/wp\/v2\/media?parent=9224"}],"wp:term":[{"taxonomy":"product_cat","embeddable":true,"href":"https:\/\/haihofashion.vn\/en\/wp-json\/wp\/v2\/product_cat?post=9224"},{"taxonomy":"product_tag","embeddable":true,"href":"https:\/\/haihofashion.vn\/en\/wp-json\/wp\/v2\/product_tag?post=9224"}],"curies":[{"name":"wp","href":"https:\/\/api.w.org\/{rel}","templated":true}]}}