{"id":9202,"date":"2023-12-01T11:41:02","date_gmt":"2023-12-01T04:41:02","guid":{"rendered":"https:\/\/haihofashion.vn\/?post_type=product&#038;p=9202"},"modified":"2023-12-01T11:41:02","modified_gmt":"2023-12-01T04:41:02","slug":"ao-so-mi-oxford-nam-cotton-dai-tay","status":"publish","type":"product","link":"https:\/\/haihofashion.vn\/en\/product\/ao-so-mi-oxford-nam-cotton-dai-tay\/","title":{"rendered":"Men's long-sleeved cotton Oxford shirt"},"content":{"rendered":"<p>\u00c1o s\u01a1 mi nam d\u00e0i tay Oxford, ch\u1ea5t li\u1ec7u cotton th\u00f4ng tho\u00e1ng, form regular fit v\u1edbi \u0111\u1ed9 \u00f4m s\u00e1t c\u01a1 th\u1ec3 v\u1eeba ph\u1ea3i, tho\u1ea3i m\u00e1i c\u1ea3 ng\u00e0y d\u00e0i. \u0110\u01b0\u1eddng may t\u1ec9 m\u1ec9, ki\u1ec3m so\u00e1t ch\u1ea5t l\u01b0\u1ee3ng ch\u1ec9, \u0111\u01b0\u1eddng may m\u1ed9t c\u00e1ch ho\u00e0n h\u1ea3o mang \u0111\u1ebfn cho kh\u00e1ch h\u00e0ng m\u1ed9t s\u1ea3n ph\u1ea9m ch\u1ec9n chu, thanh l\u1ecbch v\u00e0 sang tr\u1ecdng.<br \/>\nCh\u1ea5t li\u1ec7u 100% cotton:<br \/>\n&#8211; \u01afu \u0111i\u1ec3m NL: Th\u00e2n thi\u1ec7n v\u1edbi m\u00f4i tr\u01b0\u1eddng. \u0110\u1ed9 b\u1ec1n t\u1ed1t. Th\u1ea5m h\u00fat t\u1ed1t, tho\u00e1ng m\u00e1t, kh\u00f4ng g\u00e2y h\u1ea1i cho s\u1ee9c kh\u1ecfe. Tho\u00e1ng m\u00e1t khi m\u1eb7c.<\/p>","protected":false},"excerpt":{"rendered":"<p>Oxford men's long-sleeved shirt, breathable cotton material, regular fit form with moderate body hugging, comfortable all long day<\/p>","protected":false},"featured_media":9203,"comment_status":"open","ping_status":"closed","template":"","meta":[],"product_cat":[95],"product_tag":[],"yoast_head":"<!-- This site is optimized with the Yoast SEO plugin v21.5 - https:\/\/yoast.com\/wordpress\/plugins\/seo\/ -->\n<title>\u00c1o s\u01a1 mi Oxford nam cotton d\u00e0i tay - C\u00d4NG TYTNHH MTV H\u1ea2I H\u1ed2<\/title>\n<meta name=\"robots\" content=\"index, follow, max-snippet:-1, max-image-preview:large, max-video-preview:-1\" \/>\n<link rel=\"canonical\" href=\"https:\/\/haihofashion.vn\/en\/product\/ao-so-mi-oxford-nam-cotton-dai-tay\/\" \/>\n<meta property=\"og:locale\" content=\"en_US\" \/>\n<meta property=\"og:type\" content=\"article\" \/>\n<meta property=\"og:title\" content=\"\u00c1o s\u01a1 mi Oxford nam cotton d\u00e0i tay - C\u00d4NG TYTNHH MTV H\u1ea2I H\u1ed2\" \/>\n<meta property=\"og:description\" content=\"\u00c1o s\u01a1 mi nam d\u00e0i tay Oxford, ch\u1ea5t li\u1ec7u cotton th\u00f4ng tho\u00e1ng, form regular fit v\u1edbi \u0111\u1ed9 \u00f4m s\u00e1t c\u01a1 th\u1ec3 v\u1eeba ph\u1ea3i, tho\u1ea3i m\u00e1i c\u1ea3 ng\u00e0y d\u00e0i.\" \/>\n<meta property=\"og:url\" content=\"https:\/\/haihofashion.vn\/en\/product\/ao-so-mi-oxford-nam-cotton-dai-tay\/\" \/>\n<meta property=\"og:site_name\" content=\"C\u00d4NG TYTNHH MTV H\u1ea2I H\u1ed2\" \/>\n<meta property=\"og:image\" content=\"https:\/\/haihofashion.vn\/wp-content\/uploads\/2023\/12\/ao_somi_1.png\" \/>\n\t<meta property=\"og:image:width\" content=\"501\" \/>\n\t<meta property=\"og:image:height\" content=\"470\" \/>\n\t<meta property=\"og:image:type\" content=\"image\/png\" \/>\n<meta name=\"twitter:card\" content=\"summary_large_image\" \/>\n<meta name=\"twitter:label1\" content=\"Est. reading time\" \/>\n\t<meta name=\"twitter:data1\" content=\"1 minute\" \/>\n<script type=\"application\/ld+json\" class=\"yoast-schema-graph\">{\"@context\":\"https:\/\/schema.org\",\"@graph\":[{\"@type\":\"WebPage\",\"@id\":\"https:\/\/haihofashion.vn\/en\/product\/ao-so-mi-oxford-nam-cotton-dai-tay\/\",\"url\":\"https:\/\/haihofashion.vn\/en\/product\/ao-so-mi-oxford-nam-cotton-dai-tay\/\",\"name\":\"\u00c1o s\u01a1 mi Oxford nam cotton d\u00e0i tay - C\u00d4NG TYTNHH MTV H\u1ea2I H\u1ed2\",\"isPartOf\":{\"@id\":\"https:\/\/haihofashion.vn\/#website\"},\"datePublished\":\"2023-12-01T04:41:02+00:00\",\"dateModified\":\"2023-12-01T04:41:02+00:00\",\"breadcrumb\":{\"@id\":\"https:\/\/haihofashion.vn\/en\/product\/ao-so-mi-oxford-nam-cotton-dai-tay\/#breadcrumb\"},\"inLanguage\":\"en-US\",\"potentialAction\":[{\"@type\":\"ReadAction\",\"target\":[\"https:\/\/haihofashion.vn\/en\/product\/ao-so-mi-oxford-nam-cotton-dai-tay\/\"]}]},{\"@type\":\"BreadcrumbList\",\"@id\":\"https:\/\/haihofashion.vn\/en\/product\/ao-so-mi-oxford-nam-cotton-dai-tay\/#breadcrumb\",\"itemListElement\":[{\"@type\":\"ListItem\",\"position\":1,\"name\":\"Shop\",\"item\":\"https:\/\/haihofashion.vn\/shop\/\"},{\"@type\":\"ListItem\",\"position\":2,\"name\":\"\u00c1o s\u01a1 mi Oxford nam cotton d\u00e0i tay\"}]},{\"@type\":\"WebSite\",\"@id\":\"https:\/\/haihofashion.vn\/#website\",\"url\":\"https:\/\/haihofashion.vn\/\",\"name\":\"C\u00d4NG TYTNHH MTV H\u1ea2I H\u1ed2\",\"description\":\"\",\"potentialAction\":[{\"@type\":\"SearchAction\",\"target\":{\"@type\":\"EntryPoint\",\"urlTemplate\":\"https:\/\/haihofashion.vn\/?s={search_term_string}\"},\"query-input\":\"required name=search_term_string\"}],\"inLanguage\":\"en-US\"}]}<\/script>\n<!-- \/ Yoast SEO plugin. -->","yoast_head_json":{"title":"\u00c1o s\u01a1 mi Oxford nam cotton d\u00e0i tay - C\u00d4NG TYTNHH MTV H\u1ea2I H\u1ed2","robots":{"index":"index","follow":"follow","max-snippet":"max-snippet:-1","max-image-preview":"max-image-preview:large","max-video-preview":"max-video-preview:-1"},"canonical":"https:\/\/haihofashion.vn\/en\/product\/ao-so-mi-oxford-nam-cotton-dai-tay\/","og_locale":"en_US","og_type":"article","og_title":"\u00c1o s\u01a1 mi Oxford nam cotton d\u00e0i tay - C\u00d4NG TYTNHH MTV H\u1ea2I H\u1ed2","og_description":"\u00c1o s\u01a1 mi nam d\u00e0i tay Oxford, ch\u1ea5t li\u1ec7u cotton th\u00f4ng tho\u00e1ng, form regular fit v\u1edbi \u0111\u1ed9 \u00f4m s\u00e1t c\u01a1 th\u1ec3 v\u1eeba ph\u1ea3i, tho\u1ea3i m\u00e1i c\u1ea3 ng\u00e0y d\u00e0i.","og_url":"https:\/\/haihofashion.vn\/en\/product\/ao-so-mi-oxford-nam-cotton-dai-tay\/","og_site_name":"C\u00d4NG TYTNHH MTV H\u1ea2I H\u1ed2","og_image":[{"width":501,"height":470,"url":"https:\/\/haihofashion.vn\/wp-content\/uploads\/2023\/12\/ao_somi_1.png","type":"image\/png"}],"twitter_card":"summary_large_image","twitter_misc":{"Est. reading time":"1 minute"},"schema":{"@context":"https:\/\/schema.org","@graph":[{"@type":"WebPage","@id":"https:\/\/haihofashion.vn\/en\/product\/ao-so-mi-oxford-nam-cotton-dai-tay\/","url":"https:\/\/haihofashion.vn\/en\/product\/ao-so-mi-oxford-nam-cotton-dai-tay\/","name":"\u00c1o s\u01a1 mi Oxford nam cotton d\u00e0i tay - C\u00d4NG TYTNHH MTV H\u1ea2I H\u1ed2","isPartOf":{"@id":"https:\/\/haihofashion.vn\/#website"},"datePublished":"2023-12-01T04:41:02+00:00","dateModified":"2023-12-01T04:41:02+00:00","breadcrumb":{"@id":"https:\/\/haihofashion.vn\/en\/product\/ao-so-mi-oxford-nam-cotton-dai-tay\/#breadcrumb"},"inLanguage":"en-US","potentialAction":[{"@type":"ReadAction","target":["https:\/\/haihofashion.vn\/en\/product\/ao-so-mi-oxford-nam-cotton-dai-tay\/"]}]},{"@type":"BreadcrumbList","@id":"https:\/\/haihofashion.vn\/en\/product\/ao-so-mi-oxford-nam-cotton-dai-tay\/#breadcrumb","itemListElement":[{"@type":"ListItem","position":1,"name":"Shop","item":"https:\/\/haihofashion.vn\/shop\/"},{"@type":"ListItem","position":2,"name":"\u00c1o s\u01a1 mi Oxford nam cotton d\u00e0i tay"}]},{"@type":"WebSite","@id":"https:\/\/haihofashion.vn\/#website","url":"https:\/\/haihofashion.vn\/","name":"C\u00d4NG TYTNHH MTV H\u1ea2I H\u1ed2","description":"","potentialAction":[{"@type":"SearchAction","target":{"@type":"EntryPoint","urlTemplate":"https:\/\/haihofashion.vn\/?s={search_term_string}"},"query-input":"required name=search_term_string"}],"inLanguage":"en-US"}]}},"_links":{"self":[{"href":"https:\/\/haihofashion.vn\/en\/wp-json\/wp\/v2\/product\/9202"}],"collection":[{"href":"https:\/\/haihofashion.vn\/en\/wp-json\/wp\/v2\/product"}],"about":[{"href":"https:\/\/haihofashion.vn\/en\/wp-json\/wp\/v2\/types\/product"}],"replies":[{"embeddable":true,"href":"https:\/\/haihofashion.vn\/en\/wp-json\/wp\/v2\/comments?post=9202"}],"wp:featuredmedia":[{"embeddable":true,"href":"https:\/\/haihofashion.vn\/en\/wp-json\/wp\/v2\/media\/9203"}],"wp:attachment":[{"href":"https:\/\/haihofashion.vn\/en\/wp-json\/wp\/v2\/media?parent=9202"}],"wp:term":[{"taxonomy":"product_cat","embeddable":true,"href":"https:\/\/haihofashion.vn\/en\/wp-json\/wp\/v2\/product_cat?post=9202"},{"taxonomy":"product_tag","embeddable":true,"href":"https:\/\/haihofashion.vn\/en\/wp-json\/wp\/v2\/product_tag?post=9202"}],"curies":[{"name":"wp","href":"https:\/\/api.w.org\/{rel}","templated":true}]}}