{"id":9194,"date":"2023-12-01T11:34:41","date_gmt":"2023-12-01T04:34:41","guid":{"rendered":"https:\/\/haihofashion.vn\/?post_type=product&#038;p=9194"},"modified":"2024-10-28T16:29:13","modified_gmt":"2024-10-28T09:29:13","slug":"vay-dam-lien-than-nu-hang-mua-xuan-thu-hoa-tiet-hoa-trong-tre-hon-tuoi","status":"publish","type":"product","link":"https:\/\/haihofashion.vn\/en\/product\/vay-dam-lien-than-nu-hang-mua-xuan-thu-hoa-tiet-hoa-trong-tre-hon-tuoi\/","title":{"rendered":"WOMEN'S SPRING-AUTUMN DRESS WITH FLOWER DETAILS TO LOOK YOUNGER THAN OUR AGE"},"content":{"rendered":"<p>Women's A-shaped dress, short sleeves, mixed materials, soft and comfortable material.<br \/>\nCh\u1ea5t li\u1ec7u k\u1ebft h\u1ee3p th\u00e2n \u00e1o l\u00e0 cotton, ph\u1ea7n d\u01b0\u1edbi l\u00e0 nylon, v\u1eabn t\u1ea1o c\u1ea3m gi\u00e1c tho\u1ea3i m\u00e1i cho ng\u01b0\u1eddi m\u1eb7c trong m\u1ecdi ho\u1ea1t \u0111\u1ed9ng.<\/p>","protected":false},"excerpt":{"rendered":"<p>Women's A-shaped dress, short sleeves, mixed materials, soft and comfortable material.<\/p>","protected":false},"featured_media":9195,"comment_status":"open","ping_status":"closed","template":"","meta":[],"product_cat":[51,56],"product_tag":[],"yoast_head":"<!-- This site is optimized with the Yoast SEO plugin v21.5 - https:\/\/yoast.com\/wordpress\/plugins\/seo\/ -->\n<title>V\u00c1Y \u0110\u1ea6M LI\u1ec0N TH\u00c2N N\u1eee H\u00c0NG M\u00d9A XU\u00c2N THU H\u1eccA TI\u1ebeT HOA TR\u00d4NG TR\u1eba H\u01a0N TU\u1ed4I - C\u00d4NG TYTNHH MTV H\u1ea2I H\u1ed2<\/title>\n<meta name=\"robots\" content=\"index, follow, max-snippet:-1, max-image-preview:large, max-video-preview:-1\" \/>\n<link rel=\"canonical\" href=\"https:\/\/haihofashion.vn\/en\/product\/vay-dam-lien-than-nu-hang-mua-xuan-thu-hoa-tiet-hoa-trong-tre-hon-tuoi\/\" \/>\n<meta property=\"og:locale\" content=\"en_US\" \/>\n<meta property=\"og:type\" content=\"article\" \/>\n<meta property=\"og:title\" content=\"V\u00c1Y \u0110\u1ea6M LI\u1ec0N TH\u00c2N N\u1eee H\u00c0NG M\u00d9A XU\u00c2N THU H\u1eccA TI\u1ebeT HOA TR\u00d4NG TR\u1eba H\u01a0N TU\u1ed4I - C\u00d4NG TYTNHH MTV H\u1ea2I H\u1ed2\" \/>\n<meta property=\"og:description\" content=\"\u0110\u1ea7m li\u1ec1n n\u1eef d\u00e1ng A, tay ng\u1eafn, ph\u1ed1i nguy\u00ean li\u1ec7u, ch\u1ea5t li\u1ec7u m\u1ec1m m\u1ea1i, tho\u1ea3i m\u00e1i.\" \/>\n<meta property=\"og:url\" content=\"https:\/\/haihofashion.vn\/en\/product\/vay-dam-lien-than-nu-hang-mua-xuan-thu-hoa-tiet-hoa-trong-tre-hon-tuoi\/\" \/>\n<meta property=\"og:site_name\" content=\"C\u00d4NG TYTNHH MTV H\u1ea2I H\u1ed2\" \/>\n<meta property=\"article:modified_time\" content=\"2024-10-28T09:29:13+00:00\" \/>\n<meta property=\"og:image\" content=\"https:\/\/haihofashion.vn\/wp-content\/uploads\/2023\/12\/new-style-vol-2-thumbnail.jpeg\" \/>\n\t<meta property=\"og:image:width\" content=\"914\" \/>\n\t<meta property=\"og:image:height\" content=\"1280\" \/>\n\t<meta property=\"og:image:type\" content=\"image\/jpeg\" \/>\n<meta name=\"twitter:card\" content=\"summary_large_image\" \/>\n<meta name=\"twitter:label1\" content=\"Est. reading time\" \/>\n\t<meta name=\"twitter:data1\" content=\"1 minute\" \/>\n<script type=\"application\/ld+json\" class=\"yoast-schema-graph\">{\"@context\":\"https:\/\/schema.org\",\"@graph\":[{\"@type\":\"WebPage\",\"@id\":\"https:\/\/haihofashion.vn\/product\/vay-dam-lien-than-nu-hang-mua-xuan-thu-hoa-tiet-hoa-trong-tre-hon-tuoi\/\",\"url\":\"https:\/\/haihofashion.vn\/product\/vay-dam-lien-than-nu-hang-mua-xuan-thu-hoa-tiet-hoa-trong-tre-hon-tuoi\/\",\"name\":\"V\u00c1Y \u0110\u1ea6M LI\u1ec0N TH\u00c2N N\u1eee H\u00c0NG M\u00d9A XU\u00c2N THU H\u1eccA TI\u1ebeT HOA TR\u00d4NG TR\u1eba H\u01a0N TU\u1ed4I - C\u00d4NG TYTNHH MTV H\u1ea2I H\u1ed2\",\"isPartOf\":{\"@id\":\"https:\/\/haihofashion.vn\/#website\"},\"datePublished\":\"2023-12-01T04:34:41+00:00\",\"dateModified\":\"2024-10-28T09:29:13+00:00\",\"breadcrumb\":{\"@id\":\"https:\/\/haihofashion.vn\/product\/vay-dam-lien-than-nu-hang-mua-xuan-thu-hoa-tiet-hoa-trong-tre-hon-tuoi\/#breadcrumb\"},\"inLanguage\":\"en-US\",\"potentialAction\":[{\"@type\":\"ReadAction\",\"target\":[\"https:\/\/haihofashion.vn\/product\/vay-dam-lien-than-nu-hang-mua-xuan-thu-hoa-tiet-hoa-trong-tre-hon-tuoi\/\"]}]},{\"@type\":\"BreadcrumbList\",\"@id\":\"https:\/\/haihofashion.vn\/product\/vay-dam-lien-than-nu-hang-mua-xuan-thu-hoa-tiet-hoa-trong-tre-hon-tuoi\/#breadcrumb\",\"itemListElement\":[{\"@type\":\"ListItem\",\"position\":1,\"name\":\"Shop\",\"item\":\"https:\/\/haihofashion.vn\/shop\/\"},{\"@type\":\"ListItem\",\"position\":2,\"name\":\"V\u00c1Y \u0110\u1ea6M LI\u1ec0N TH\u00c2N N\u1eee H\u00c0NG M\u00d9A XU\u00c2N THU H\u1eccA TI\u1ebeT HOA TR\u00d4NG TR\u1eba H\u01a0N TU\u1ed4I\"}]},{\"@type\":\"WebSite\",\"@id\":\"https:\/\/haihofashion.vn\/#website\",\"url\":\"https:\/\/haihofashion.vn\/\",\"name\":\"C\u00d4NG TYTNHH MTV H\u1ea2I H\u1ed2\",\"description\":\"\",\"potentialAction\":[{\"@type\":\"SearchAction\",\"target\":{\"@type\":\"EntryPoint\",\"urlTemplate\":\"https:\/\/haihofashion.vn\/?s={search_term_string}\"},\"query-input\":\"required name=search_term_string\"}],\"inLanguage\":\"en-US\"}]}<\/script>\n<!-- \/ Yoast SEO plugin. -->","yoast_head_json":{"title":"V\u00c1Y \u0110\u1ea6M LI\u1ec0N TH\u00c2N N\u1eee H\u00c0NG M\u00d9A XU\u00c2N THU H\u1eccA TI\u1ebeT HOA TR\u00d4NG TR\u1eba H\u01a0N TU\u1ed4I - C\u00d4NG TYTNHH MTV H\u1ea2I H\u1ed2","robots":{"index":"index","follow":"follow","max-snippet":"max-snippet:-1","max-image-preview":"max-image-preview:large","max-video-preview":"max-video-preview:-1"},"canonical":"https:\/\/haihofashion.vn\/en\/product\/vay-dam-lien-than-nu-hang-mua-xuan-thu-hoa-tiet-hoa-trong-tre-hon-tuoi\/","og_locale":"en_US","og_type":"article","og_title":"V\u00c1Y \u0110\u1ea6M LI\u1ec0N TH\u00c2N N\u1eee H\u00c0NG M\u00d9A XU\u00c2N THU H\u1eccA TI\u1ebeT HOA TR\u00d4NG TR\u1eba H\u01a0N TU\u1ed4I - C\u00d4NG TYTNHH MTV H\u1ea2I H\u1ed2","og_description":"\u0110\u1ea7m li\u1ec1n n\u1eef d\u00e1ng A, tay ng\u1eafn, ph\u1ed1i nguy\u00ean li\u1ec7u, ch\u1ea5t li\u1ec7u m\u1ec1m m\u1ea1i, tho\u1ea3i m\u00e1i.","og_url":"https:\/\/haihofashion.vn\/en\/product\/vay-dam-lien-than-nu-hang-mua-xuan-thu-hoa-tiet-hoa-trong-tre-hon-tuoi\/","og_site_name":"C\u00d4NG TYTNHH MTV H\u1ea2I H\u1ed2","article_modified_time":"2024-10-28T09:29:13+00:00","og_image":[{"width":914,"height":1280,"url":"https:\/\/haihofashion.vn\/wp-content\/uploads\/2023\/12\/new-style-vol-2-thumbnail.jpeg","type":"image\/jpeg"}],"twitter_card":"summary_large_image","twitter_misc":{"Est. reading time":"1 minute"},"schema":{"@context":"https:\/\/schema.org","@graph":[{"@type":"WebPage","@id":"https:\/\/haihofashion.vn\/product\/vay-dam-lien-than-nu-hang-mua-xuan-thu-hoa-tiet-hoa-trong-tre-hon-tuoi\/","url":"https:\/\/haihofashion.vn\/product\/vay-dam-lien-than-nu-hang-mua-xuan-thu-hoa-tiet-hoa-trong-tre-hon-tuoi\/","name":"V\u00c1Y \u0110\u1ea6M LI\u1ec0N TH\u00c2N N\u1eee H\u00c0NG M\u00d9A XU\u00c2N THU H\u1eccA TI\u1ebeT HOA TR\u00d4NG TR\u1eba H\u01a0N TU\u1ed4I - C\u00d4NG TYTNHH MTV H\u1ea2I H\u1ed2","isPartOf":{"@id":"https:\/\/haihofashion.vn\/#website"},"datePublished":"2023-12-01T04:34:41+00:00","dateModified":"2024-10-28T09:29:13+00:00","breadcrumb":{"@id":"https:\/\/haihofashion.vn\/product\/vay-dam-lien-than-nu-hang-mua-xuan-thu-hoa-tiet-hoa-trong-tre-hon-tuoi\/#breadcrumb"},"inLanguage":"en-US","potentialAction":[{"@type":"ReadAction","target":["https:\/\/haihofashion.vn\/product\/vay-dam-lien-than-nu-hang-mua-xuan-thu-hoa-tiet-hoa-trong-tre-hon-tuoi\/"]}]},{"@type":"BreadcrumbList","@id":"https:\/\/haihofashion.vn\/product\/vay-dam-lien-than-nu-hang-mua-xuan-thu-hoa-tiet-hoa-trong-tre-hon-tuoi\/#breadcrumb","itemListElement":[{"@type":"ListItem","position":1,"name":"Shop","item":"https:\/\/haihofashion.vn\/shop\/"},{"@type":"ListItem","position":2,"name":"V\u00c1Y \u0110\u1ea6M LI\u1ec0N TH\u00c2N N\u1eee H\u00c0NG M\u00d9A XU\u00c2N THU H\u1eccA TI\u1ebeT HOA TR\u00d4NG TR\u1eba H\u01a0N TU\u1ed4I"}]},{"@type":"WebSite","@id":"https:\/\/haihofashion.vn\/#website","url":"https:\/\/haihofashion.vn\/","name":"C\u00d4NG TYTNHH MTV H\u1ea2I H\u1ed2","description":"","potentialAction":[{"@type":"SearchAction","target":{"@type":"EntryPoint","urlTemplate":"https:\/\/haihofashion.vn\/?s={search_term_string}"},"query-input":"required name=search_term_string"}],"inLanguage":"en-US"}]}},"_links":{"self":[{"href":"https:\/\/haihofashion.vn\/en\/wp-json\/wp\/v2\/product\/9194"}],"collection":[{"href":"https:\/\/haihofashion.vn\/en\/wp-json\/wp\/v2\/product"}],"about":[{"href":"https:\/\/haihofashion.vn\/en\/wp-json\/wp\/v2\/types\/product"}],"replies":[{"embeddable":true,"href":"https:\/\/haihofashion.vn\/en\/wp-json\/wp\/v2\/comments?post=9194"}],"wp:featuredmedia":[{"embeddable":true,"href":"https:\/\/haihofashion.vn\/en\/wp-json\/wp\/v2\/media\/9195"}],"wp:attachment":[{"href":"https:\/\/haihofashion.vn\/en\/wp-json\/wp\/v2\/media?parent=9194"}],"wp:term":[{"taxonomy":"product_cat","embeddable":true,"href":"https:\/\/haihofashion.vn\/en\/wp-json\/wp\/v2\/product_cat?post=9194"},{"taxonomy":"product_tag","embeddable":true,"href":"https:\/\/haihofashion.vn\/en\/wp-json\/wp\/v2\/product_tag?post=9194"}],"curies":[{"name":"wp","href":"https:\/\/api.w.org\/{rel}","templated":true}]}}