{"id":9386,"date":"2024-01-09T11:35:47","date_gmt":"2024-01-09T04:35:47","guid":{"rendered":"https:\/\/haihofashion.vn\/?page_id=9386"},"modified":"2024-01-09T11:37:04","modified_gmt":"2024-01-09T04:37:04","slug":"chinh-sach-bao-mat-thong-tin","status":"publish","type":"page","link":"https:\/\/haihofashion.vn\/en\/chinh-sach-bao-mat-thong-tin\/","title":{"rendered":"Information security policy"},"content":{"rendered":"<blockquote class=\"wp-block-quote\">\n<p>To ensure website safety and consumer information security, we offer a number of key security policies for individual and organizational customers when making purchases at the website.<\/p>\n\n\n\n<p>Protecting your personal data and building your trust is a very important issue for the company. Therefore, we will use your name and other information related to you in accordance with the content of the privacy policy. We only collect necessary information related to sales transactions.<\/p>\n\n\n\n<p>The information we collect is used for the following purposes:<\/p>\n\n\n\n<p>+ Hand over the product to the customer who has purchased the product<\/p>\n\n\n\n<p>+ Notification about processing the customer's order payment status<\/p>\n\n\n\n<p>+ Process orders and deliver products through the website<\/p>\n<\/blockquote>\n\n\n\n<h2 class=\"wp-block-heading\"><strong>Information storage time:<\/strong><\/h2>\n\n\n\n<ul>\n<li>We will store personal information provided by customers on our internal systems during the process of providing products to customers, until the purpose of collection is completed, or when the customer has request to cancel the information provided.<\/li>\n<\/ul>\n\n\n\n<h2 class=\"wp-block-heading\"><strong>Commitment to protecting customer personal information:<\/strong><\/h2>\n\n\n\n<ul>\n<li>We are committed to ensuring information security for customers when registering personal information with us. We commit not to trade and sell customer information for commercial purposes and all sharing and use of customer information will be carried out in accordance with the published privacy policy. We are committed to making you feel confident and satisfied about the security of personal information when participating and using the company's website.<\/li>\n<\/ul>\n\n\n\n<h2 class=\"wp-block-heading\"><strong>Means and tools for users to access and edit their personal data<\/strong>:<\/h2>\n\n\n\n<ul>\n<li>Customers can exercise their right to correct and update their personal information by contacting us via email<\/li>\n<\/ul>","protected":false},"excerpt":{"rendered":"<p>Nh\u1eb1m \u0111\u1ea3m b\u1ea3o an to\u00e0n cho website v\u00e0 b\u1ea3o m\u1eadt th\u00f4ng tin cho ng\u01b0\u1eddi ti\u00eau d\u00f9ng, ch\u00fang t\u00f4i \u0111\u01b0a ra m\u1ed9t s\u1ed1 ch\u00ednh s\u00e1ch b\u1ea3o m\u1eadt th\u00f4ng tin cho kh\u00e1ch h\u00e0ng c\u00e1 nh\u00e2n v\u00e0 t\u1ed5 ch\u1ee9c khi mua h\u00e0ng t\u1ea1i website. B\u1ea3o v\u1ec7 d\u1eef li\u1ec7u c\u00e1 nh\u00e2n v\u00e0 g\u00e2y d\u1ef1ng \u0111\u01b0\u1ee3c ni\u1ec1m tin cho b\u1ea1n&hellip; <a class=\"read-more-link\" href=\"https:\/\/haihofashion.vn\/en\/chinh-sach-bao-mat-thong-tin\/\">Read More<\/a><\/p>","protected":false},"author":1,"featured_media":0,"parent":0,"menu_order":0,"comment_status":"closed","ping_status":"closed","template":"","meta":{"footnotes":""},"yoast_head":"<!-- This site is optimized with the Yoast SEO plugin v21.5 - https:\/\/yoast.com\/wordpress\/plugins\/seo\/ -->\n<title>Ch\u00ednh s\u00e1ch b\u1ea3o m\u1eadt th\u00f4ng tin - C\u00d4NG TYTNHH MTV H\u1ea2I H\u1ed2<\/title>\n<meta name=\"robots\" content=\"index, follow, max-snippet:-1, max-image-preview:large, max-video-preview:-1\" \/>\n<link rel=\"canonical\" href=\"https:\/\/haihofashion.vn\/en\/chinh-sach-bao-mat-thong-tin\/\" \/>\n<meta property=\"og:locale\" content=\"en_US\" \/>\n<meta property=\"og:type\" content=\"article\" \/>\n<meta property=\"og:title\" content=\"Ch\u00ednh s\u00e1ch b\u1ea3o m\u1eadt th\u00f4ng tin - C\u00d4NG TYTNHH MTV H\u1ea2I H\u1ed2\" \/>\n<meta property=\"og:description\" content=\"Nh\u1eb1m \u0111\u1ea3m b\u1ea3o an to\u00e0n cho website v\u00e0 b\u1ea3o m\u1eadt th\u00f4ng tin cho ng\u01b0\u1eddi ti\u00eau d\u00f9ng, ch\u00fang t\u00f4i \u0111\u01b0a ra m\u1ed9t s\u1ed1 ch\u00ednh s\u00e1ch b\u1ea3o m\u1eadt th\u00f4ng tin cho kh\u00e1ch h\u00e0ng c\u00e1 nh\u00e2n v\u00e0 t\u1ed5 ch\u1ee9c khi mua h\u00e0ng t\u1ea1i website. B\u1ea3o v\u1ec7 d\u1eef li\u1ec7u c\u00e1 nh\u00e2n v\u00e0 g\u00e2y d\u1ef1ng \u0111\u01b0\u1ee3c ni\u1ec1m tin cho b\u1ea1n&hellip; Read More\" \/>\n<meta property=\"og:url\" content=\"https:\/\/haihofashion.vn\/en\/chinh-sach-bao-mat-thong-tin\/\" \/>\n<meta property=\"og:site_name\" content=\"C\u00d4NG TYTNHH MTV H\u1ea2I H\u1ed2\" \/>\n<meta property=\"article:modified_time\" content=\"2024-01-09T04:37:04+00:00\" \/>\n<meta name=\"twitter:card\" content=\"summary_large_image\" \/>\n<meta name=\"twitter:label1\" content=\"Est. reading time\" \/>\n\t<meta name=\"twitter:data1\" content=\"2 minutes\" \/>\n<script type=\"application\/ld+json\" class=\"yoast-schema-graph\">{\"@context\":\"https:\/\/schema.org\",\"@graph\":[{\"@type\":\"WebPage\",\"@id\":\"https:\/\/haihofashion.vn\/chinh-sach-bao-mat-thong-tin\/\",\"url\":\"https:\/\/haihofashion.vn\/chinh-sach-bao-mat-thong-tin\/\",\"name\":\"Ch\u00ednh s\u00e1ch b\u1ea3o m\u1eadt th\u00f4ng tin - C\u00d4NG TYTNHH MTV H\u1ea2I H\u1ed2\",\"isPartOf\":{\"@id\":\"https:\/\/haihofashion.vn\/#website\"},\"datePublished\":\"2024-01-09T04:35:47+00:00\",\"dateModified\":\"2024-01-09T04:37:04+00:00\",\"inLanguage\":\"en-US\",\"potentialAction\":[{\"@type\":\"ReadAction\",\"target\":[\"https:\/\/haihofashion.vn\/chinh-sach-bao-mat-thong-tin\/\"]}]},{\"@type\":\"WebSite\",\"@id\":\"https:\/\/haihofashion.vn\/#website\",\"url\":\"https:\/\/haihofashion.vn\/\",\"name\":\"C\u00d4NG TYTNHH MTV H\u1ea2I H\u1ed2\",\"description\":\"\",\"potentialAction\":[{\"@type\":\"SearchAction\",\"target\":{\"@type\":\"EntryPoint\",\"urlTemplate\":\"https:\/\/haihofashion.vn\/?s={search_term_string}\"},\"query-input\":\"required name=search_term_string\"}],\"inLanguage\":\"en-US\"}]}<\/script>\n<!-- \/ Yoast SEO plugin. -->","yoast_head_json":{"title":"Ch\u00ednh s\u00e1ch b\u1ea3o m\u1eadt th\u00f4ng tin - C\u00d4NG TYTNHH MTV H\u1ea2I H\u1ed2","robots":{"index":"index","follow":"follow","max-snippet":"max-snippet:-1","max-image-preview":"max-image-preview:large","max-video-preview":"max-video-preview:-1"},"canonical":"https:\/\/haihofashion.vn\/en\/chinh-sach-bao-mat-thong-tin\/","og_locale":"en_US","og_type":"article","og_title":"Ch\u00ednh s\u00e1ch b\u1ea3o m\u1eadt th\u00f4ng tin - C\u00d4NG TYTNHH MTV H\u1ea2I H\u1ed2","og_description":"Nh\u1eb1m \u0111\u1ea3m b\u1ea3o an to\u00e0n cho website v\u00e0 b\u1ea3o m\u1eadt th\u00f4ng tin cho ng\u01b0\u1eddi ti\u00eau d\u00f9ng, ch\u00fang t\u00f4i \u0111\u01b0a ra m\u1ed9t s\u1ed1 ch\u00ednh s\u00e1ch b\u1ea3o m\u1eadt th\u00f4ng tin cho kh\u00e1ch h\u00e0ng c\u00e1 nh\u00e2n v\u00e0 t\u1ed5 ch\u1ee9c khi mua h\u00e0ng t\u1ea1i website. B\u1ea3o v\u1ec7 d\u1eef li\u1ec7u c\u00e1 nh\u00e2n v\u00e0 g\u00e2y d\u1ef1ng \u0111\u01b0\u1ee3c ni\u1ec1m tin cho b\u1ea1n&hellip; Read More","og_url":"https:\/\/haihofashion.vn\/en\/chinh-sach-bao-mat-thong-tin\/","og_site_name":"C\u00d4NG TYTNHH MTV H\u1ea2I H\u1ed2","article_modified_time":"2024-01-09T04:37:04+00:00","twitter_card":"summary_large_image","twitter_misc":{"Est. reading time":"2 minutes"},"schema":{"@context":"https:\/\/schema.org","@graph":[{"@type":"WebPage","@id":"https:\/\/haihofashion.vn\/chinh-sach-bao-mat-thong-tin\/","url":"https:\/\/haihofashion.vn\/chinh-sach-bao-mat-thong-tin\/","name":"Ch\u00ednh s\u00e1ch b\u1ea3o m\u1eadt th\u00f4ng tin - C\u00d4NG TYTNHH MTV H\u1ea2I H\u1ed2","isPartOf":{"@id":"https:\/\/haihofashion.vn\/#website"},"datePublished":"2024-01-09T04:35:47+00:00","dateModified":"2024-01-09T04:37:04+00:00","inLanguage":"en-US","potentialAction":[{"@type":"ReadAction","target":["https:\/\/haihofashion.vn\/chinh-sach-bao-mat-thong-tin\/"]}]},{"@type":"WebSite","@id":"https:\/\/haihofashion.vn\/#website","url":"https:\/\/haihofashion.vn\/","name":"C\u00d4NG TYTNHH MTV H\u1ea2I H\u1ed2","description":"","potentialAction":[{"@type":"SearchAction","target":{"@type":"EntryPoint","urlTemplate":"https:\/\/haihofashion.vn\/?s={search_term_string}"},"query-input":"required name=search_term_string"}],"inLanguage":"en-US"}]}},"_links":{"self":[{"href":"https:\/\/haihofashion.vn\/en\/wp-json\/wp\/v2\/pages\/9386"}],"collection":[{"href":"https:\/\/haihofashion.vn\/en\/wp-json\/wp\/v2\/pages"}],"about":[{"href":"https:\/\/haihofashion.vn\/en\/wp-json\/wp\/v2\/types\/page"}],"author":[{"embeddable":true,"href":"https:\/\/haihofashion.vn\/en\/wp-json\/wp\/v2\/users\/1"}],"replies":[{"embeddable":true,"href":"https:\/\/haihofashion.vn\/en\/wp-json\/wp\/v2\/comments?post=9386"}],"version-history":[{"count":1,"href":"https:\/\/haihofashion.vn\/en\/wp-json\/wp\/v2\/pages\/9386\/revisions"}],"predecessor-version":[{"id":9387,"href":"https:\/\/haihofashion.vn\/en\/wp-json\/wp\/v2\/pages\/9386\/revisions\/9387"}],"wp:attachment":[{"href":"https:\/\/haihofashion.vn\/en\/wp-json\/wp\/v2\/media?parent=9386"}],"curies":[{"name":"wp","href":"https:\/\/api.w.org\/{rel}","templated":true}]}}