{"id":9383,"date":"2024-01-09T11:28:40","date_gmt":"2024-01-09T04:28:40","guid":{"rendered":"https:\/\/haihofashion.vn\/?page_id=9383"},"modified":"2024-01-09T11:31:15","modified_gmt":"2024-01-09T04:31:15","slug":"chinh-sach-thanh-toan","status":"publish","type":"page","link":"https:\/\/haihofashion.vn\/en\/chinh-sach-thanh-toan\/","title":{"rendered":"Payment policy"},"content":{"rendered":"<h2 class=\"wp-block-heading\">1. Prepaid payment:\u00a0is an online payment method that customers use to\u00a0pay for orders, including:<\/h2>\n\n\n\n<ul>\n<li>ATM card (debit, payment, prepaid domestic card)<\/li>\n\n\n\n<li>International payment cards, credit cards.<\/li>\n\n\n\n<li>Payment in installments by credit card (from some banks)<\/li>\n\n\n\n<li>Pay by cash or via card machine at the store.<\/li>\n<\/ul>\n\n\n\n<h2 class=\"wp-block-heading\">2. Pay later at home: Pay in cash.<\/h2>","protected":false},"excerpt":{"rendered":"<p>1. Thanh to\u00e1n tr\u1ea3 tr\u01b0\u1edbc:\u00a0l\u00e0 h\u00ecnh th\u1ee9c thanh to\u00e1n tr\u1ef1c tuy\u1ebfn m\u00e0 kh\u00e1ch h\u00e0ng s\u1eed d\u1ee5ng \u0111\u1ec3\u00a0thanh to\u00e1n cho \u0111\u01a1n h\u00e0ng, bao g\u1ed3m: 2. Thanh to\u00e1n tr\u1ea3 sau t\u1ea1i nh\u00e0: Thanh to\u00e1n b\u1eb1ng ti\u1ec1n m\u1eb7t.<\/p>","protected":false},"author":1,"featured_media":0,"parent":0,"menu_order":0,"comment_status":"closed","ping_status":"closed","template":"","meta":{"footnotes":""},"yoast_head":"<!-- This site is optimized with the Yoast SEO plugin v21.5 - https:\/\/yoast.com\/wordpress\/plugins\/seo\/ -->\n<title>Ch\u00ednh s\u00e1ch thanh to\u00e1n - C\u00d4NG TYTNHH MTV H\u1ea2I H\u1ed2<\/title>\n<meta name=\"robots\" content=\"index, follow, max-snippet:-1, max-image-preview:large, max-video-preview:-1\" \/>\n<link rel=\"canonical\" href=\"https:\/\/haihofashion.vn\/en\/chinh-sach-thanh-toan\/\" \/>\n<meta property=\"og:locale\" content=\"en_US\" \/>\n<meta property=\"og:type\" content=\"article\" \/>\n<meta property=\"og:title\" content=\"Ch\u00ednh s\u00e1ch thanh to\u00e1n - C\u00d4NG TYTNHH MTV H\u1ea2I H\u1ed2\" \/>\n<meta property=\"og:description\" content=\"1. Thanh to\u00e1n tr\u1ea3 tr\u01b0\u1edbc:\u00a0l\u00e0 h\u00ecnh th\u1ee9c thanh to\u00e1n tr\u1ef1c tuy\u1ebfn m\u00e0 kh\u00e1ch h\u00e0ng s\u1eed d\u1ee5ng \u0111\u1ec3\u00a0thanh to\u00e1n cho \u0111\u01a1n h\u00e0ng, bao g\u1ed3m: 2. Thanh to\u00e1n tr\u1ea3 sau t\u1ea1i nh\u00e0: Thanh to\u00e1n b\u1eb1ng ti\u1ec1n m\u1eb7t.\" \/>\n<meta property=\"og:url\" content=\"https:\/\/haihofashion.vn\/en\/chinh-sach-thanh-toan\/\" \/>\n<meta property=\"og:site_name\" content=\"C\u00d4NG TYTNHH MTV H\u1ea2I H\u1ed2\" \/>\n<meta property=\"article:modified_time\" content=\"2024-01-09T04:31:15+00:00\" \/>\n<meta name=\"twitter:card\" content=\"summary_large_image\" \/>\n<meta name=\"twitter:label1\" content=\"Est. reading time\" \/>\n\t<meta name=\"twitter:data1\" content=\"1 minute\" \/>\n<script type=\"application\/ld+json\" class=\"yoast-schema-graph\">{\"@context\":\"https:\/\/schema.org\",\"@graph\":[{\"@type\":\"WebPage\",\"@id\":\"https:\/\/haihofashion.vn\/chinh-sach-thanh-toan\/\",\"url\":\"https:\/\/haihofashion.vn\/chinh-sach-thanh-toan\/\",\"name\":\"Ch\u00ednh s\u00e1ch thanh to\u00e1n - C\u00d4NG TYTNHH MTV H\u1ea2I H\u1ed2\",\"isPartOf\":{\"@id\":\"https:\/\/haihofashion.vn\/#website\"},\"datePublished\":\"2024-01-09T04:28:40+00:00\",\"dateModified\":\"2024-01-09T04:31:15+00:00\",\"inLanguage\":\"en-US\",\"potentialAction\":[{\"@type\":\"ReadAction\",\"target\":[\"https:\/\/haihofashion.vn\/chinh-sach-thanh-toan\/\"]}]},{\"@type\":\"WebSite\",\"@id\":\"https:\/\/haihofashion.vn\/#website\",\"url\":\"https:\/\/haihofashion.vn\/\",\"name\":\"C\u00d4NG TYTNHH MTV H\u1ea2I H\u1ed2\",\"description\":\"\",\"potentialAction\":[{\"@type\":\"SearchAction\",\"target\":{\"@type\":\"EntryPoint\",\"urlTemplate\":\"https:\/\/haihofashion.vn\/?s={search_term_string}\"},\"query-input\":\"required name=search_term_string\"}],\"inLanguage\":\"en-US\"}]}<\/script>\n<!-- \/ Yoast SEO plugin. -->","yoast_head_json":{"title":"Ch\u00ednh s\u00e1ch thanh to\u00e1n - C\u00d4NG TYTNHH MTV H\u1ea2I H\u1ed2","robots":{"index":"index","follow":"follow","max-snippet":"max-snippet:-1","max-image-preview":"max-image-preview:large","max-video-preview":"max-video-preview:-1"},"canonical":"https:\/\/haihofashion.vn\/en\/chinh-sach-thanh-toan\/","og_locale":"en_US","og_type":"article","og_title":"Ch\u00ednh s\u00e1ch thanh to\u00e1n - C\u00d4NG TYTNHH MTV H\u1ea2I H\u1ed2","og_description":"1. Thanh to\u00e1n tr\u1ea3 tr\u01b0\u1edbc:\u00a0l\u00e0 h\u00ecnh th\u1ee9c thanh to\u00e1n tr\u1ef1c tuy\u1ebfn m\u00e0 kh\u00e1ch h\u00e0ng s\u1eed d\u1ee5ng \u0111\u1ec3\u00a0thanh to\u00e1n cho \u0111\u01a1n h\u00e0ng, bao g\u1ed3m: 2. Thanh to\u00e1n tr\u1ea3 sau t\u1ea1i nh\u00e0: Thanh to\u00e1n b\u1eb1ng ti\u1ec1n m\u1eb7t.","og_url":"https:\/\/haihofashion.vn\/en\/chinh-sach-thanh-toan\/","og_site_name":"C\u00d4NG TYTNHH MTV H\u1ea2I H\u1ed2","article_modified_time":"2024-01-09T04:31:15+00:00","twitter_card":"summary_large_image","twitter_misc":{"Est. reading time":"1 minute"},"schema":{"@context":"https:\/\/schema.org","@graph":[{"@type":"WebPage","@id":"https:\/\/haihofashion.vn\/chinh-sach-thanh-toan\/","url":"https:\/\/haihofashion.vn\/chinh-sach-thanh-toan\/","name":"Ch\u00ednh s\u00e1ch thanh to\u00e1n - C\u00d4NG TYTNHH MTV H\u1ea2I H\u1ed2","isPartOf":{"@id":"https:\/\/haihofashion.vn\/#website"},"datePublished":"2024-01-09T04:28:40+00:00","dateModified":"2024-01-09T04:31:15+00:00","inLanguage":"en-US","potentialAction":[{"@type":"ReadAction","target":["https:\/\/haihofashion.vn\/chinh-sach-thanh-toan\/"]}]},{"@type":"WebSite","@id":"https:\/\/haihofashion.vn\/#website","url":"https:\/\/haihofashion.vn\/","name":"C\u00d4NG TYTNHH MTV H\u1ea2I H\u1ed2","description":"","potentialAction":[{"@type":"SearchAction","target":{"@type":"EntryPoint","urlTemplate":"https:\/\/haihofashion.vn\/?s={search_term_string}"},"query-input":"required name=search_term_string"}],"inLanguage":"en-US"}]}},"_links":{"self":[{"href":"https:\/\/haihofashion.vn\/en\/wp-json\/wp\/v2\/pages\/9383"}],"collection":[{"href":"https:\/\/haihofashion.vn\/en\/wp-json\/wp\/v2\/pages"}],"about":[{"href":"https:\/\/haihofashion.vn\/en\/wp-json\/wp\/v2\/types\/page"}],"author":[{"embeddable":true,"href":"https:\/\/haihofashion.vn\/en\/wp-json\/wp\/v2\/users\/1"}],"replies":[{"embeddable":true,"href":"https:\/\/haihofashion.vn\/en\/wp-json\/wp\/v2\/comments?post=9383"}],"version-history":[{"count":2,"href":"https:\/\/haihofashion.vn\/en\/wp-json\/wp\/v2\/pages\/9383\/revisions"}],"predecessor-version":[{"id":9385,"href":"https:\/\/haihofashion.vn\/en\/wp-json\/wp\/v2\/pages\/9383\/revisions\/9385"}],"wp:attachment":[{"href":"https:\/\/haihofashion.vn\/en\/wp-json\/wp\/v2\/media?parent=9383"}],"curies":[{"name":"wp","href":"https:\/\/api.w.org\/{rel}","templated":true}]}}